{"id":7227,"date":"2021-03-22T11:54:43","date_gmt":"2021-03-22T15:54:43","guid":{"rendered":"http:\/\/miunidad.eu\/purib3\/?page_id=7227"},"modified":"2021-05-13T16:35:53","modified_gmt":"2021-05-13T14:35:53","slug":"noticias-todas","status":"publish","type":"page","link":"https:\/\/fundacionporib.org\/en\/noticias-todas\/","title":{"rendered":"Noticias Todas"},"content":{"rendered":"\t\t<div data-elementor-type=\"wp-page\" data-elementor-id=\"7227\" class=\"elementor elementor-7227\" data-elementor-settings=\"[]\">\n\t\t\t\t\t\t<div class=\"elementor-inner\">\n\t\t\t\t\t\t\t<div class=\"elementor-section-wrap\">\n\t\t\t\t\t\t\t<section class=\"elementor-section elementor-top-section elementor-element elementor-element-3f64c4c elementor-section-boxed elementor-section-height-default elementor-section-height-default\" data-id=\"3f64c4c\" data-element_type=\"section\">\n\t\t\t\t\t\t<div class=\"elementor-container elementor-column-gap-default\">\n\t\t\t\t\t\t\t<div class=\"elementor-row\">\n\t\t\t\t\t<div class=\"elementor-column elementor-col-100 elementor-top-column elementor-element elementor-element-230d18c\" data-id=\"230d18c\" data-element_type=\"column\">\n\t\t\t<div class=\"elementor-column-wrap elementor-element-populated\">\n\t\t\t\t\t\t\t<div class=\"elementor-widget-wrap\">\n\t\t\t\t\t\t<div class=\"elementor-element elementor-element-00a7de5 elementor-widget elementor-widget-heading\" data-id=\"00a7de5\" data-element_type=\"widget\" data-widget_type=\"heading.default\">\n\t\t\t\t<div class=\"elementor-widget-container\">\n\t\t\t<h5 class=\"elementor-heading-title elementor-size-default\">NOTICIAS PORIB<\/h5>\t\t<\/div>\n\t\t\t\t<\/div>\n\t\t\t\t\t\t<\/div>\n\t\t\t\t\t<\/div>\n\t\t<\/div>\n\t\t\t\t\t\t\t\t<\/div>\n\t\t\t\t\t<\/div>\n\t\t<\/section>\n\t\t\t\t<section class=\"elementor-section elementor-top-section elementor-element elementor-element-b563de8 elementor-section-boxed elementor-section-height-default elementor-section-height-default\" data-id=\"b563de8\" data-element_type=\"section\">\n\t\t\t\t\t\t<div class=\"elementor-container elementor-column-gap-default\">\n\t\t\t\t\t\t\t<div class=\"elementor-row\">\n\t\t\t\t\t<div class=\"elementor-column elementor-col-100 elementor-top-column elementor-element elementor-element-029c276\" data-id=\"029c276\" data-element_type=\"column\">\n\t\t\t<div class=\"elementor-column-wrap elementor-element-populated\">\n\t\t\t\t\t\t\t<div class=\"elementor-widget-wrap\">\n\t\t\t\t\t\t<div class=\"elementor-element elementor-element-710ada7 elementor-widget elementor-widget-spacer\" data-id=\"710ada7\" data-element_type=\"widget\" data-widget_type=\"spacer.default\">\n\t\t\t\t<div class=\"elementor-widget-container\">\n\t\t\t\t\t<div class=\"elementor-spacer\">\n\t\t\t<div class=\"elementor-spacer-inner\"><\/div>\n\t\t<\/div>\n\t\t\t\t<\/div>\n\t\t\t\t<\/div>\n\t\t\t\t\t\t<\/div>\n\t\t\t\t\t<\/div>\n\t\t<\/div>\n\t\t\t\t\t\t\t\t<\/div>\n\t\t\t\t\t<\/div>\n\t\t<\/section>\n\t\t\t\t<section class=\"elementor-section elementor-top-section elementor-element elementor-element-fc88b48 elementor-section-boxed elementor-section-height-default elementor-section-height-default\" data-id=\"fc88b48\" data-element_type=\"section\">\n\t\t\t\t\t\t<div class=\"elementor-container elementor-column-gap-default\">\n\t\t\t\t\t\t\t<div class=\"elementor-row\">\n\t\t\t\t\t<div class=\"elementor-column elementor-col-100 elementor-top-column elementor-element elementor-element-082be86\" data-id=\"082be86\" data-element_type=\"column\">\n\t\t\t<div class=\"elementor-column-wrap elementor-element-populated\">\n\t\t\t\t\t\t\t<div class=\"elementor-widget-wrap\">\n\t\t\t\t\t\t<div class=\"elementor-element elementor-element-e2c6180 elementor-posts__hover-none elementor-grid-3 elementor-grid-tablet-2 elementor-grid-mobile-1 elementor-posts--thumbnail-top elementor-posts--show-avatar elementor-card-shadow-yes elementor-widget elementor-widget-posts\" data-id=\"e2c6180\" data-element_type=\"widget\" data-settings=\"{&quot;cards_row_gap&quot;:{&quot;unit&quot;:&quot;px&quot;,&quot;size&quot;:30,&quot;sizes&quot;:[]},&quot;cards_columns&quot;:&quot;3&quot;,&quot;cards_columns_tablet&quot;:&quot;2&quot;,&quot;cards_columns_mobile&quot;:&quot;1&quot;}\" data-widget_type=\"posts.cards\">\n\t\t\t\t<div class=\"elementor-widget-container\">\n\t\t\t\t\t<div class=\"elementor-posts-container elementor-posts elementor-posts--skin-cards elementor-grid\">\n\t\t\t\t<article class=\"elementor-post elementor-grid-item post-15564 post type-post status-publish format-standard has-post-thumbnail hentry category-noticias\">\n\t\t\t<div class=\"elementor-post__card\">\n\t\t\t\t<a class=\"elementor-post__thumbnail__link\" href=\"https:\/\/fundacionporib.org\/en\/semana-mundial-de-la-inmunizacion-3\/\" >\n\t\t\t<div class=\"elementor-post__thumbnail\"><img width=\"300\" height=\"300\" src=\"https:\/\/fundacionporib.org\/wp-content\/uploads\/2026\/04\/Semana-Vacunas-300x300.jpg\" class=\"attachment-medium size-medium\" alt=\"\" decoding=\"async\" loading=\"lazy\" srcset=\"https:\/\/fundacionporib.org\/wp-content\/uploads\/2026\/04\/Semana-Vacunas-300x300.jpg 300w, https:\/\/fundacionporib.org\/wp-content\/uploads\/2026\/04\/Semana-Vacunas-1024x1024.jpg 1024w, https:\/\/fundacionporib.org\/wp-content\/uploads\/2026\/04\/Semana-Vacunas-150x150.jpg 150w, https:\/\/fundacionporib.org\/wp-content\/uploads\/2026\/04\/Semana-Vacunas-768x768.jpg 768w, https:\/\/fundacionporib.org\/wp-content\/uploads\/2026\/04\/Semana-Vacunas-400x400.jpg 400w, https:\/\/fundacionporib.org\/wp-content\/uploads\/2026\/04\/Semana-Vacunas.jpg 1080w\" sizes=\"(max-width: 300px) 100vw, 300px\" \/><\/div>\n\t\t<\/a>\n\t\t\t\t<div class=\"elementor-post__badge\">News<\/div>\n\t\t\t\t<div class=\"elementor-post__avatar\">\n\t\t\t\t\t<\/div>\n\t\t\t\t<div class=\"elementor-post__text\">\n\t\t\t\t<h5 class=\"elementor-post__title\">\n\t\t\t<a href=\"https:\/\/fundacionporib.org\/en\/semana-mundial-de-la-inmunizacion-3\/\" >\n\t\t\t\tSemana Mundial de la Inmunizaci\u00f3n\t\t\t<\/a>\n\t\t<\/h5>\n\t\t\t\t<div class=\"elementor-post__excerpt\">\n\t\t\t<p>Las vacunas son, sin duda, una de las herramientas de salud p\u00fablica m\u00e1s eficaces que tenemos. En los \u00faltimos 50 a\u00f1os han salvado m\u00e1s de<\/p>\n\t\t<\/div>\n\t\t\t\t\t<a class=\"elementor-post__read-more\" href=\"https:\/\/fundacionporib.org\/en\/semana-mundial-de-la-inmunizacion-3\/\" >\n\t\t\t\tLeer m\u00e1s \u00bb\t\t\t<\/a>\n\t\t\t\t<\/div>\n\t\t\t\t<div class=\"elementor-post__meta-data\">\n\t\t\t\t\t<span class=\"elementor-post-date\">\n\t\t\t24 April 2026\t\t<\/span>\n\t\t\t\t<\/div>\n\t\t\t\t\t<\/div>\n\t\t<\/article>\n\t\t\t\t<article class=\"elementor-post elementor-grid-item post-15552 post type-post status-publish format-standard has-post-thumbnail hentry category-noticias\">\n\t\t\t<div class=\"elementor-post__card\">\n\t\t\t\t<a class=\"elementor-post__thumbnail__link\" href=\"https:\/\/fundacionporib.org\/en\/miguel-angel-casado-habla-en-el-congreso-oncologia\/\" >\n\t\t\t<div class=\"elementor-post__thumbnail\"><img width=\"300\" height=\"162\" src=\"https:\/\/fundacionporib.org\/wp-content\/uploads\/2026\/04\/borrar-300x162.png\" class=\"attachment-medium size-medium\" alt=\"\" decoding=\"async\" loading=\"lazy\" srcset=\"https:\/\/fundacionporib.org\/wp-content\/uploads\/2026\/04\/borrar-300x162.png 300w, https:\/\/fundacionporib.org\/wp-content\/uploads\/2026\/04\/borrar-1024x554.png 1024w, https:\/\/fundacionporib.org\/wp-content\/uploads\/2026\/04\/borrar-768x416.png 768w, https:\/\/fundacionporib.org\/wp-content\/uploads\/2026\/04\/borrar.png 1475w\" sizes=\"(max-width: 300px) 100vw, 300px\" \/><\/div>\n\t\t<\/a>\n\t\t\t\t<div class=\"elementor-post__badge\">News<\/div>\n\t\t\t\t<div class=\"elementor-post__avatar\">\n\t\t\t\t\t<\/div>\n\t\t\t\t<div class=\"elementor-post__text\">\n\t\t\t\t<h5 class=\"elementor-post__title\">\n\t\t\t<a href=\"https:\/\/fundacionporib.org\/en\/miguel-angel-casado-habla-en-el-congreso-oncologia\/\" >\n\t\t\t\tMiguel \u00c1ngel Casado habla en el congreso Oncolog\u00eda\t\t\t<\/a>\n\t\t<\/h5>\n\t\t\t\t<div class=\"elementor-post__excerpt\">\n\t\t\t<p>Participaci\u00f3n de Miguel \u00c1ngel Casado, director de la Fundaci\u00f3n PORIB, en el congreso Oncolog\u00eda con Common Sense en C\u00e1ncer de Mama Metast\u00e1sico, con una visi\u00f3n<\/p>\n\t\t<\/div>\n\t\t\t\t\t<a class=\"elementor-post__read-more\" href=\"https:\/\/fundacionporib.org\/en\/miguel-angel-casado-habla-en-el-congreso-oncologia\/\" >\n\t\t\t\tLeer m\u00e1s \u00bb\t\t\t<\/a>\n\t\t\t\t<\/div>\n\t\t\t\t<div class=\"elementor-post__meta-data\">\n\t\t\t\t\t<span class=\"elementor-post-date\">\n\t\t\t10 April 2026\t\t<\/span>\n\t\t\t\t<\/div>\n\t\t\t\t\t<\/div>\n\t\t<\/article>\n\t\t\t\t<article class=\"elementor-post elementor-grid-item post-15547 post type-post status-publish format-standard has-post-thumbnail hentry category-noticias\">\n\t\t\t<div class=\"elementor-post__card\">\n\t\t\t\t<a class=\"elementor-post__thumbnail__link\" href=\"https:\/\/fundacionporib.org\/en\/dia-mundial-de-la-adherencia\/\" >\n\t\t\t<div class=\"elementor-post__thumbnail\"><img width=\"240\" height=\"300\" src=\"https:\/\/fundacionporib.org\/wp-content\/uploads\/2026\/03\/dia-mundial-de-la-adherencia-240x300.jpg\" class=\"attachment-medium size-medium\" alt=\"\" decoding=\"async\" loading=\"lazy\" srcset=\"https:\/\/fundacionporib.org\/wp-content\/uploads\/2026\/03\/dia-mundial-de-la-adherencia-240x300.jpg 240w, https:\/\/fundacionporib.org\/wp-content\/uploads\/2026\/03\/dia-mundial-de-la-adherencia-819x1024.jpg 819w, https:\/\/fundacionporib.org\/wp-content\/uploads\/2026\/03\/dia-mundial-de-la-adherencia-768x960.jpg 768w, https:\/\/fundacionporib.org\/wp-content\/uploads\/2026\/03\/dia-mundial-de-la-adherencia-440x550.jpg 440w, https:\/\/fundacionporib.org\/wp-content\/uploads\/2026\/03\/dia-mundial-de-la-adherencia.jpg 1080w\" sizes=\"(max-width: 240px) 100vw, 240px\" \/><\/div>\n\t\t<\/a>\n\t\t\t\t<div class=\"elementor-post__badge\">News<\/div>\n\t\t\t\t<div class=\"elementor-post__avatar\">\n\t\t\t\t\t<\/div>\n\t\t\t\t<div class=\"elementor-post__text\">\n\t\t\t\t<h5 class=\"elementor-post__title\">\n\t\t\t<a href=\"https:\/\/fundacionporib.org\/en\/dia-mundial-de-la-adherencia\/\" >\n\t\t\t\tD\u00eda Mundial de la Adherencia\t\t\t<\/a>\n\t\t<\/h5>\n\t\t\t\t<div class=\"elementor-post__excerpt\">\n\t\t\t<p>En el D\u00eda Mundial de la Adherencia, que se conmemora hoy 27 de marzo, se recuerda la importancia de seguir los planes de atenci\u00f3n sanitaria<\/p>\n\t\t<\/div>\n\t\t\t\t\t<a class=\"elementor-post__read-more\" href=\"https:\/\/fundacionporib.org\/en\/dia-mundial-de-la-adherencia\/\" >\n\t\t\t\tLeer m\u00e1s \u00bb\t\t\t<\/a>\n\t\t\t\t<\/div>\n\t\t\t\t<div class=\"elementor-post__meta-data\">\n\t\t\t\t\t<span class=\"elementor-post-date\">\n\t\t\t27 March 2026\t\t<\/span>\n\t\t\t\t<\/div>\n\t\t\t\t\t<\/div>\n\t\t<\/article>\n\t\t\t\t<article class=\"elementor-post elementor-grid-item post-15542 post type-post status-publish format-standard has-post-thumbnail hentry category-noticias\">\n\t\t\t<div class=\"elementor-post__card\">\n\t\t\t\t<a class=\"elementor-post__thumbnail__link\" href=\"https:\/\/fundacionporib.org\/en\/dia-europeo-para-la-prevencion-del-riesgo-cardiovascular\/\" >\n\t\t\t<div class=\"elementor-post__thumbnail\"><img width=\"300\" height=\"300\" src=\"https:\/\/fundacionporib.org\/wp-content\/uploads\/2026\/03\/Copia-de-dia-riesgo-CV-1080-x-1080-px-300x300.jpg\" class=\"attachment-medium size-medium\" alt=\"\" decoding=\"async\" loading=\"lazy\" srcset=\"https:\/\/fundacionporib.org\/wp-content\/uploads\/2026\/03\/Copia-de-dia-riesgo-CV-1080-x-1080-px-300x300.jpg 300w, https:\/\/fundacionporib.org\/wp-content\/uploads\/2026\/03\/Copia-de-dia-riesgo-CV-1080-x-1080-px-1024x1024.jpg 1024w, https:\/\/fundacionporib.org\/wp-content\/uploads\/2026\/03\/Copia-de-dia-riesgo-CV-1080-x-1080-px-150x150.jpg 150w, https:\/\/fundacionporib.org\/wp-content\/uploads\/2026\/03\/Copia-de-dia-riesgo-CV-1080-x-1080-px-768x768.jpg 768w, https:\/\/fundacionporib.org\/wp-content\/uploads\/2026\/03\/Copia-de-dia-riesgo-CV-1080-x-1080-px-400x400.jpg 400w, https:\/\/fundacionporib.org\/wp-content\/uploads\/2026\/03\/Copia-de-dia-riesgo-CV-1080-x-1080-px.jpg 1080w\" sizes=\"(max-width: 300px) 100vw, 300px\" \/><\/div>\n\t\t<\/a>\n\t\t\t\t<div class=\"elementor-post__badge\">News<\/div>\n\t\t\t\t<div class=\"elementor-post__avatar\">\n\t\t\t\t\t<\/div>\n\t\t\t\t<div class=\"elementor-post__text\">\n\t\t\t\t<h5 class=\"elementor-post__title\">\n\t\t\t<a href=\"https:\/\/fundacionporib.org\/en\/dia-europeo-para-la-prevencion-del-riesgo-cardiovascular\/\" >\n\t\t\t\tD\u00eda Europeo para la Prevenci\u00f3n del Riesgo Cardiovascular\t\t\t<\/a>\n\t\t<\/h5>\n\t\t\t\t<div class=\"elementor-post__excerpt\">\n\t\t\t<p>Hoy se conmemora el D\u00eda Europeo para la Prevenci\u00f3n del Riesgo Cardiovascular, una fecha que nos recuerda la importancia de actuar antes de que aparezca<\/p>\n\t\t<\/div>\n\t\t\t\t\t<a class=\"elementor-post__read-more\" href=\"https:\/\/fundacionporib.org\/en\/dia-europeo-para-la-prevencion-del-riesgo-cardiovascular\/\" >\n\t\t\t\tLeer m\u00e1s \u00bb\t\t\t<\/a>\n\t\t\t\t<\/div>\n\t\t\t\t<div class=\"elementor-post__meta-data\">\n\t\t\t\t\t<span class=\"elementor-post-date\">\n\t\t\t13 March 2026\t\t<\/span>\n\t\t\t\t<\/div>\n\t\t\t\t\t<\/div>\n\t\t<\/article>\n\t\t\t\t<article class=\"elementor-post elementor-grid-item post-15537 post type-post status-publish format-standard has-post-thumbnail hentry category-noticias\">\n\t\t\t<div class=\"elementor-post__card\">\n\t\t\t\t<a class=\"elementor-post__thumbnail__link\" href=\"https:\/\/fundacionporib.org\/en\/dia-mundial-del-glaucoma\/\" >\n\t\t\t<div class=\"elementor-post__thumbnail\"><img width=\"300\" height=\"300\" src=\"https:\/\/fundacionporib.org\/wp-content\/uploads\/2026\/03\/Dia-Mundial-del-Glaucoma-1-300x300.jpg\" class=\"attachment-medium size-medium\" alt=\"\" decoding=\"async\" loading=\"lazy\" srcset=\"https:\/\/fundacionporib.org\/wp-content\/uploads\/2026\/03\/Dia-Mundial-del-Glaucoma-1-300x300.jpg 300w, https:\/\/fundacionporib.org\/wp-content\/uploads\/2026\/03\/Dia-Mundial-del-Glaucoma-1-1024x1024.jpg 1024w, https:\/\/fundacionporib.org\/wp-content\/uploads\/2026\/03\/Dia-Mundial-del-Glaucoma-1-150x150.jpg 150w, https:\/\/fundacionporib.org\/wp-content\/uploads\/2026\/03\/Dia-Mundial-del-Glaucoma-1-768x768.jpg 768w, https:\/\/fundacionporib.org\/wp-content\/uploads\/2026\/03\/Dia-Mundial-del-Glaucoma-1-400x400.jpg 400w, https:\/\/fundacionporib.org\/wp-content\/uploads\/2026\/03\/Dia-Mundial-del-Glaucoma-1.jpg 1080w\" sizes=\"(max-width: 300px) 100vw, 300px\" \/><\/div>\n\t\t<\/a>\n\t\t\t\t<div class=\"elementor-post__badge\">News<\/div>\n\t\t\t\t<div class=\"elementor-post__avatar\">\n\t\t\t\t\t<\/div>\n\t\t\t\t<div class=\"elementor-post__text\">\n\t\t\t\t<h5 class=\"elementor-post__title\">\n\t\t\t<a href=\"https:\/\/fundacionporib.org\/en\/dia-mundial-del-glaucoma\/\" >\n\t\t\t\tD\u00eda Mundial del Glaucoma\t\t\t<\/a>\n\t\t<\/h5>\n\t\t\t\t<div class=\"elementor-post__excerpt\">\n\t\t\t<p>Hoy 12 de marzo se celebra el D\u00eda Mundial del Glaucoma y la Fundaci\u00f3n PORIB se une a esta conmemoraci\u00f3n recordando la importancia de cuidar<\/p>\n\t\t<\/div>\n\t\t\t\t\t<a class=\"elementor-post__read-more\" href=\"https:\/\/fundacionporib.org\/en\/dia-mundial-del-glaucoma\/\" >\n\t\t\t\tLeer m\u00e1s \u00bb\t\t\t<\/a>\n\t\t\t\t<\/div>\n\t\t\t\t<div class=\"elementor-post__meta-data\">\n\t\t\t\t\t<span class=\"elementor-post-date\">\n\t\t\t12 March 2026\t\t<\/span>\n\t\t\t\t<\/div>\n\t\t\t\t\t<\/div>\n\t\t<\/article>\n\t\t\t\t<article class=\"elementor-post elementor-grid-item post-15524 post type-post status-publish format-standard has-post-thumbnail hentry category-noticias\">\n\t\t\t<div class=\"elementor-post__card\">\n\t\t\t\t<a class=\"elementor-post__thumbnail__link\" href=\"https:\/\/fundacionporib.org\/en\/dia-mundial-de-las-enfermedades-raras-3\/\" >\n\t\t\t<div class=\"elementor-post__thumbnail\"><img width=\"300\" height=\"251\" src=\"https:\/\/fundacionporib.org\/wp-content\/uploads\/2026\/02\/Dia-Mundial-de-las-Enfermedades-Raras-300x251.jpg\" class=\"attachment-medium size-medium\" alt=\"\" decoding=\"async\" loading=\"lazy\" srcset=\"https:\/\/fundacionporib.org\/wp-content\/uploads\/2026\/02\/Dia-Mundial-de-las-Enfermedades-Raras-300x251.jpg 300w, https:\/\/fundacionporib.org\/wp-content\/uploads\/2026\/02\/Dia-Mundial-de-las-Enfermedades-Raras-768x644.jpg 768w, https:\/\/fundacionporib.org\/wp-content\/uploads\/2026\/02\/Dia-Mundial-de-las-Enfermedades-Raras.jpg 940w\" sizes=\"(max-width: 300px) 100vw, 300px\" \/><\/div>\n\t\t<\/a>\n\t\t\t\t<div class=\"elementor-post__badge\">News<\/div>\n\t\t\t\t<div class=\"elementor-post__avatar\">\n\t\t\t\t\t<\/div>\n\t\t\t\t<div class=\"elementor-post__text\">\n\t\t\t\t<h5 class=\"elementor-post__title\">\n\t\t\t<a href=\"https:\/\/fundacionporib.org\/en\/dia-mundial-de-las-enfermedades-raras-3\/\" >\n\t\t\t\tD\u00eda Mundial de las Enfermedades Raras\t\t\t<\/a>\n\t\t<\/h5>\n\t\t\t\t<div class=\"elementor-post__excerpt\">\n\t\t\t<p>La Fundaci\u00f3n PORIB se une a FEDER y a otras asociaciones que conmemoran ma\u00f1ana, d\u00eda 28 de febrero, el D\u00eda Mundial de las Enfermedades Raras.<\/p>\n\t\t<\/div>\n\t\t\t\t\t<a class=\"elementor-post__read-more\" href=\"https:\/\/fundacionporib.org\/en\/dia-mundial-de-las-enfermedades-raras-3\/\" >\n\t\t\t\tLeer m\u00e1s \u00bb\t\t\t<\/a>\n\t\t\t\t<\/div>\n\t\t\t\t<div class=\"elementor-post__meta-data\">\n\t\t\t\t\t<span class=\"elementor-post-date\">\n\t\t\t27 February 2026\t\t<\/span>\n\t\t\t\t<\/div>\n\t\t\t\t\t<\/div>\n\t\t<\/article>\n\t\t\t\t<\/div>\n\t\t\t\t<nav class=\"elementor-pagination\" role=\"navigation\" aria-label=\"Pagination\">\n\t\t\t<span aria-current=\"page\" class=\"page-numbers current\"><span class=\"elementor-screen-only\">Page<\/span>1<\/span>\n<a class=\"page-numbers\" href=\"https:\/\/fundacionporib.org\/en\/wp-json\/wp\/v2\/pages\/7227\/page\/2\/\"><span class=\"elementor-screen-only\">Page<\/span>2<\/a>\n<a class=\"page-numbers\" href=\"https:\/\/fundacionporib.org\/en\/wp-json\/wp\/v2\/pages\/7227\/page\/3\/\"><span class=\"elementor-screen-only\">Page<\/span>3<\/a>\n<span class=\"page-numbers dots\">&hellip;<\/span>\n<a class=\"page-numbers\" href=\"https:\/\/fundacionporib.org\/en\/wp-json\/wp\/v2\/pages\/7227\/page\/5\/\"><span class=\"elementor-screen-only\">Page<\/span>5<\/a>\t\t<\/nav>\n\t\t\t\t<\/div>\n\t\t\t\t<\/div>\n\t\t\t\t\t\t<\/div>\n\t\t\t\t\t<\/div>\n\t\t<\/div>\n\t\t\t\t\t\t\t\t<\/div>\n\t\t\t\t\t<\/div>\n\t\t<\/section>\n\t\t\t\t\t\t<\/div>\n\t\t\t\t\t\t<\/div>\n\t\t\t\t\t<\/div>\n\t\t","protected":false},"excerpt":{"rendered":"<p>NOTICIAS PORIB<\/p>\n","protected":false},"author":1,"featured_media":0,"parent":0,"menu_order":0,"comment_status":"closed","ping_status":"closed","template":"","meta":[],"translation":{"provider":"WPGlobus","version":"2.7.3","language":"en","enabled_languages":["es","en"],"languages":{"es":{"title":true,"content":true,"excerpt":false},"en":{"title":false,"content":false,"excerpt":false}}},"_links":{"self":[{"href":"https:\/\/fundacionporib.org\/en\/wp-json\/wp\/v2\/pages\/7227"}],"collection":[{"href":"https:\/\/fundacionporib.org\/en\/wp-json\/wp\/v2\/pages"}],"about":[{"href":"https:\/\/fundacionporib.org\/en\/wp-json\/wp\/v2\/types\/page"}],"author":[{"embeddable":true,"href":"https:\/\/fundacionporib.org\/en\/wp-json\/wp\/v2\/users\/1"}],"replies":[{"embeddable":true,"href":"https:\/\/fundacionporib.org\/en\/wp-json\/wp\/v2\/comments?post=7227"}],"version-history":[{"count":11,"href":"https:\/\/fundacionporib.org\/en\/wp-json\/wp\/v2\/pages\/7227\/revisions"}],"predecessor-version":[{"id":12322,"href":"https:\/\/fundacionporib.org\/en\/wp-json\/wp\/v2\/pages\/7227\/revisions\/12322"}],"wp:attachment":[{"href":"https:\/\/fundacionporib.org\/en\/wp-json\/wp\/v2\/media?parent=7227"}],"curies":[{"name":"wp","href":"https:\/\/api.w.org\/{rel}","templated":true}]}}