{"id":11332,"date":"2021-05-13T23:09:22","date_gmt":"2021-05-13T21:09:22","guid":{"rendered":"http:\/\/miunidad.eu\/porib.com\/?page_id=11332"},"modified":"2021-05-14T13:21:53","modified_gmt":"2021-05-14T11:21:53","slug":"politica-de-calidad","status":"publish","type":"page","link":"https:\/\/fundacionporib.org\/en\/textos-legales\/politica-de-calidad\/","title":{"rendered":"Politica de calidad"},"content":{"rendered":"<h4><strong>Pol\u00edtica de Calidad<\/strong><\/h4>\n<p>Desde Pharmacoeconomics &amp; Outcomes Research Iberia (PORIB) nos dedicamos a Evaluaci\u00f3n<br \/>\nSanitaria, Precio y Reembolso, Acceso al Mercado, Investigaci\u00f3n de Resultados Sanitarios y Evidencia<br \/>\nCient\u00edfica, nos comprometemos con la calidad de los servicios que prestamos a nuestros Clientes,<br \/>\ncomo herramienta para nuestro desarrollo y crecimiento, asumiendo la voluntad de mejora continua.<br \/>\nPara ello, implantamos un Sistema de Gesti\u00f3n basado en la norma UNE-EN-ISO 9001:2015.<br \/>\nNuestro Sistema de Gesti\u00f3n de calidad tiene por objetivo garantizar el mejor servicio a<br \/>\nnuestros Clientes, orientado a la satisfacci\u00f3n de sus necesidades y al cumplimiento de los requisitos<br \/>\nestablecidos, plazos y precios fijados.<\/p>\n<p>Por este motivo nos comprometemos a:<\/p>\n<ul>\n<li>Respetar los acuerdos de confidencialidad y compromisos fijados con los Clientes.<\/li>\n<li>Comprender las necesidades actuales y futuras de nuestros Clientes, satisfacer sus requisitos y<br \/>\nrealizar un esfuerzo por cumplir sus expectativas.<\/li>\n<li>Cumplir con los requisitos legales y de aplicaci\u00f3n a nuestra actividad.<\/li>\n<li>Aplicar la mejora continua de nuestros procesos, procedimientos y servicios, asignando<br \/>\neficazmente funciones y responsabilidades.<\/li>\n<li>Crear el ambiente de trabajo apropiado para que nuestros trabajadores se involucren en la<br \/>\nconsecuci\u00f3n de los objetivos de la organizaci\u00f3n y para ello proporcion\u00e1ndoles la formaci\u00f3n y<br \/>\nmedios necesarios para el ejercicio de sus funciones.<\/li>\n<li>Definir y revisar anualmente los objetivos de calidad, a fin de establecer el orden de<br \/>\nprioridades e iniciar las acciones necesarias para la prevenci\u00f3n, planificaci\u00f3n, correcci\u00f3n y<br \/>\nmejora continua.<\/li>\n<\/ul>\n<p>Esta Pol\u00edtica de Calidad es revisada para su continua adecuaci\u00f3n al menos una vez al a\u00f1o,<br \/>\nconstituyendo un marco de referencia para el establecimiento y revisi\u00f3n de los objetivos y metas de la<br \/>\norganizaci\u00f3n.<br \/>\nLa Direcci\u00f3n de Pharmacoeconomics &amp; Outcomes Research Iberia (PORIB) asume la<br \/>\nresponsabilidad de que todos nuestros trabajadores conozcan la presente Pol\u00edtica de Calidad y la<br \/>\napliquen en todas sus actividades y se encuentre a disposici\u00f3n del p\u00fablico bajo solicitud de cualquier<br \/>\nparte interesada.<br \/>\nLa Direcci\u00f3n de Pharmacoeconomics &amp; Outcomes Research Iberia, S.L. (PORIB) a 17 de<br \/>\nnoviembre de 2016<\/p>\n","protected":false},"excerpt":{"rendered":"<p>Pol\u00edtica de Calidad Desde Pharmacoeconomics &amp; Outcomes Research Iberia (PORIB) nos dedicamos a Evaluaci\u00f3n Sanitaria, Precio y Reembolso, Acceso al Mercado, Investigaci\u00f3n de Resultados Sanitarios y Evidencia Cient\u00edfica, nos comprometemos con la calidad de los servicios que prestamos a nuestros Clientes, como herramienta para nuestro desarrollo y crecimiento, asumiendo la voluntad de mejora continua. Para&#8230; <\/p>\n<div class=\"clear\"><\/div>\n<p><a href=\"https:\/\/fundacionporib.org\/en\/textos-legales\/politica-de-calidad\/\" class=\"excerpt-read-more\">Read More<i class=\"fa fa-caret-right icon-caret-right\"><\/i><\/a><\/p>\n","protected":false},"author":3,"featured_media":0,"parent":11272,"menu_order":0,"comment_status":"closed","ping_status":"closed","template":"","meta":[],"translation":{"provider":"WPGlobus","version":"2.7.3","language":"en","enabled_languages":["es","en"],"languages":{"es":{"title":true,"content":true,"excerpt":false},"en":{"title":false,"content":false,"excerpt":false}}},"_links":{"self":[{"href":"https:\/\/fundacionporib.org\/en\/wp-json\/wp\/v2\/pages\/11332"}],"collection":[{"href":"https:\/\/fundacionporib.org\/en\/wp-json\/wp\/v2\/pages"}],"about":[{"href":"https:\/\/fundacionporib.org\/en\/wp-json\/wp\/v2\/types\/page"}],"author":[{"embeddable":true,"href":"https:\/\/fundacionporib.org\/en\/wp-json\/wp\/v2\/users\/3"}],"replies":[{"embeddable":true,"href":"https:\/\/fundacionporib.org\/en\/wp-json\/wp\/v2\/comments?post=11332"}],"version-history":[{"count":5,"href":"https:\/\/fundacionporib.org\/en\/wp-json\/wp\/v2\/pages\/11332\/revisions"}],"predecessor-version":[{"id":11494,"href":"https:\/\/fundacionporib.org\/en\/wp-json\/wp\/v2\/pages\/11332\/revisions\/11494"}],"up":[{"embeddable":true,"href":"https:\/\/fundacionporib.org\/en\/wp-json\/wp\/v2\/pages\/11272"}],"wp:attachment":[{"href":"https:\/\/fundacionporib.org\/en\/wp-json\/wp\/v2\/media?parent=11332"}],"curies":[{"name":"wp","href":"https:\/\/api.w.org\/{rel}","templated":true}]}}